{"id":561,"date":"2025-09-09T11:48:47","date_gmt":"2025-09-09T09:48:47","guid":{"rendered":"https:\/\/fritz.dev-nf.de\/?page_id=561"},"modified":"2025-10-23T09:21:29","modified_gmt":"2025-10-23T07:21:29","slug":"datenschutz","status":"publish","type":"page","link":"https:\/\/www.fritz-fleischhandel.de\/en\/datenschutz\/","title":{"rendered":"Data privacy"},"content":{"rendered":"<div data-elementor-type=\"wp-post\" data-elementor-id=\"561\" class=\"elementor elementor-561\" data-elementor-post-type=\"page\">\n\t\t\t\t<div class=\"elementor-element elementor-element-0566a67 e-con-full e-flex e-con e-parent\" data-id=\"0566a67\" data-element_type=\"container\" data-e-type=\"container\" data-settings=\"{&quot;background_background&quot;:&quot;classic&quot;}\">\n\t\t\t\t<\/div>\n\t\t<div class=\"elementor-element elementor-element-de42410 e-flex e-con-boxed e-con e-parent\" data-id=\"de42410\" data-element_type=\"container\" data-e-type=\"container\">\n\t\t\t\t\t<div class=\"e-con-inner\">\n\t\t\t\t<div class=\"elementor-element elementor-element-bb78f82 elementor-widget elementor-widget-heading\" data-id=\"bb78f82\" data-element_type=\"widget\" data-e-type=\"widget\" data-widget_type=\"heading.default\">\n\t\t\t\t\t<h1 class=\"elementor-heading-title elementor-size-default\">Data privacy<\/h1>\t\t\t\t<\/div>\n\t\t\t\t\t<\/div>\n\t\t\t\t<\/div>\n\t\t<div class=\"elementor-element elementor-element-5debaa8 e-flex e-con-boxed e-con e-parent\" data-id=\"5debaa8\" data-element_type=\"container\" data-e-type=\"container\">\n\t\t\t\t\t<div class=\"e-con-inner\">\n\t\t\t\t<div class=\"elementor-element elementor-element-fdebb34 elementor-widget elementor-widget-text-editor\" data-id=\"fdebb34\" data-element_type=\"widget\" data-e-type=\"widget\" data-widget_type=\"text-editor.default\">\n\t\t\t\t\t\t\t\t\t<hr \/><p><strong>Kundeninformation<\/strong> &#8211; <a href=\"https:\/\/www.fritz-fleischhandel.de\/wp-content\/uploads\/2025\/09\/Kundeninformation-Fritz.pdf\" target=\"_blank\" rel=\"noopener\">Download<\/a><\/p><p>Verantwortliche Stelle im Sinne der Datenschutzgesetze, insbesondere der EU-Datenschutzgrundverordnung (DSGVO), ist:<\/p><p>Fritz Vieh- und Fleischhandels GmbH\u2028<br \/>Brunnenstra\u00dfe 6-10<br \/>50259 Pulheim<\/p><p>Telefon: +49 2234 98215-0\u2028<br \/>Telefax: +49 2234 98215-25\u2028<\/p><p>E-Mail:\u00a0info@fritz-fleischhandel.de\u2028<br \/>Internet:\u00a0www.fritz-fleischhandel.de\u2028<\/p><p>\u00a0<\/p><p><strong>Ihre Betroffenenrechte\u2028<\/strong><\/p><p>Unter den angegebenen Kontaktdaten unseres Datenschutzbeauftragten k\u00f6nnen Sie jederzeit folgende Rechte aus\u00fcben:\u2028<br \/>Auskunft \u00fcber Ihre bei uns gespeicherten Daten und deren Verarbeitung,<br \/>Berichtigung unrichtiger personenbezogener Daten,<br \/>L\u00f6schung Ihrer bei uns gespeicherten Daten,<br \/>Einschr\u00e4nkung der Datenverarbeitung, sofern wir Ihre Daten aufgrund gesetzlicher Pflichten noch nicht l\u00f6schen d\u00fcrfen,<br \/>Widerspruch gegen die Verarbeitung Ihrer Daten bei uns und<br \/>Daten\u00fcbertragbarkeit, sofern Sie in die Datenverarbeitung eingewilligt haben oder einen Vertrag mit uns abgeschlossen haben.<\/p><p>Sofern Sie uns eine Einwilligung erteilt haben, k\u00f6nnen Sie diese jederzeit mit Wirkung f\u00fcr die Zukunft widerrufen. Sie k\u00f6nnen sich jederzeit mit einer Beschwerde an die f\u00fcr Sie zust\u00e4ndige Aufsichtsbeh\u00f6rde wenden. Ihre zust\u00e4ndige Aufsichtsbeh\u00f6rde richtet sich nach dem Bundesland Ihres Wohnsitzes, Ihrer Arbeit oder der mutma\u00dflichen Verletzung. Eine Liste der Aufsichtsbeh\u00f6rden (f\u00fcr den nicht\u00f6ffentlichen Bereich) mit Anschrift finden Sie unter:\u00a0<a href=\"https:\/\/www.bfdi.bund.de\/DE\/Infothek\/Anschriften_Links\/anschriften_links-node.html\" target=\"_blank\" rel=\"noopener\">https:\/\/www.bfdi.bund.de\/DE\/Infothek\/Anschriften_Links\/anschriften_links-node.html<\/a>.<\/p><p>\u00a0<\/p><p><strong>Zwecke der Datenverarbeitung durch die verantwortliche Stelle und Dritte<\/strong><br \/>Wir verarbeiten Ihre personenbezogenen Daten nur zu den in dieser Datenschutzerkl\u00e4rung genannten Zwecken. Eine \u00dcbermittlung Ihrer pers\u00f6nlichen Daten an Dritte zu anderen als den genannten Zwecken findet nicht statt. Wir geben Ihre pers\u00f6nlichen Daten nur an Dritte weiter, wenn:\u2028<br \/>Sie Ihre ausdr\u00fcckliche Einwilligung dazu erteilt haben,<br \/>die Verarbeitung zur Abwicklung eines Vertrags mit Ihnen erforderlich ist,<br \/>die Verarbeitung zur Erf\u00fcllung einer rechtlichen Verpflichtung erforderlich ist,<br \/>die Verarbeitung zur Wahrung berechtigter Interessen erforderlich ist und kein Grund zur Annahme besteht, dass Sie ein \u00fcberwiegendes schutzw\u00fcrdiges Interesse an der Nichtweitergabe Ihrer Daten haben.<\/p><p>\u00a0<\/p><p><strong>L\u00f6schung bzw. Sperrung der Daten<\/strong><\/p><p>Wir halten uns an die Grunds\u00e4tze der Datenvermeidung und Datensparsamkeit. Wir speichern Ihre personenbezogenen Daten daher nur so lange, wie dies zur Erreichung der hier genannten Zwecke erforderlich ist oder wie es die vom Gesetzgeber vorgesehenen vielf\u00e4ltigen Speicherfristen vorsehen. Nach Fortfall des jeweiligen Zweckes bzw. Ablauf dieser Fristen werden die entsprechenden Daten routinem\u00e4\u00dfig und entsprechend den gesetzlichen Vorschriften gesperrt oder gel\u00f6scht.<\/p><p>\u00a0<\/p><p><strong>SSL-Verschl\u00fcsselung<\/strong><\/p><p>Um die Sicherheit Ihrer Daten bei der \u00dcbertragung zu sch\u00fctzen, verwenden wir dem aktuellen Stand der Technik entsprechende Verschl\u00fcsselungsverfahren (z. B. SSL) \u00fcber HTTPS.<\/p><p>\u00a0<\/p><p><strong>Contact<\/strong><\/p><p>Treten Sie bzgl. Fragen jeglicher Art per E-Mail oder Kontaktformular mit uns in Kontakt, erteilen Sie uns zum Zwecke der Kontaktaufnahme Ihre freiwillige Einwilligung. Hierf\u00fcr ist die Angabe einer validen E-Mail-Adresse erforderlich. Diese dient der Zuordnung der Anfrage und der anschlie\u00dfenden Beantwortung derselben. Die Angabe weiterer Daten ist optional. Die von Ihnen gemachten Angaben werden zum Zwecke der Bearbeitung der Anfrage sowie f\u00fcr m\u00f6gliche Anschlussfragen gespeichert. Nach Erledigung der von Ihnen gestellten Anfrage werden personenbezogene Daten automatisch gel\u00f6scht.<\/p><p>\u00a0<\/p><p><strong>Verwendung von Scriptbibliotheken (Google Webfonts)<\/strong><\/p><p>Um unsere Inhalte browser\u00fcbergreifend korrekt und grafisch ansprechend darzustellen, verwenden wir auf dieser Website Scriptbibliotheken und Schriftbibliotheken wie z. B. Google Webfonts (https:\/\/www.google.com\/webfonts\/). Google Webfonts werden zur Vermeidung mehrfachen Ladens in den Cache Ihres Browsers \u00fcbertragen. Falls der Browser die Google Webfonts nicht unterst\u00fctzt oder den Zugriff unterbindet, werden Inhalte in einer Standardschrift angezeigt.<\/p><p>Der Aufruf von Scriptbibliotheken oder Schriftbibliotheken l\u00f6st automatisch eine Verbindung zum Betreiber der Bibliothek aus. Dabei ist es theoretisch m\u00f6glich \u2013 aktuell allerdings auch unklar ob und ggf. zu welchen Zwecken \u2013 dass Betreiber entsprechender Bibliotheken Daten erheben.<\/p><p>Die Datenschutzrichtlinie des Bibliothekbetreibers Google finden Sie hier:\u00a0https:\/\/www.google.com\/policies\/privacy\/<\/p><p>\u00a0<\/p><p><strong>Verwendung von Adobe Typekit<\/strong><\/p><p>Wir setzen Adobe Typekit zur visuellen Gestaltung unserer Website ein. Typekit ist ein Dienst der Adobe Systems Software Ireland Ltd. der uns den Zugriff auf eine Schriftartenbibliothek gew\u00e4hrt. Zur Einbindung der von uns benutzten Schriftarten, muss Ihr Browser eine Verbindung zu einem Server von Adobe in den USA aufbauen und die f\u00fcr unsere Website ben\u00f6tigte Schriftart herunterladen. Adobe erh\u00e4lt hierdurch die Information, dass von Ihrer IP-Adresse unsere Website aufgerufen wurde. Weitere Informationen zu Adobe Typekit finden Sie in den Datenschutzhinweisen von Adobe, die Sie hier abrufen k\u00f6nnen:\u00a0www.adobe.com\/privacy\/typekit.html<\/p><p>\u00a0<\/p><p><strong>Verwendung von Google Maps<\/strong><br \/>Diese Webseite verwendet Google Maps API, um geographische Informationen visuell darzustellen. Bei der Nutzung von Google Maps werden von Google auch Daten \u00fcber die Nutzung der Kartenfunktionen durch Besucher erhoben, verarbeitet und genutzt. N\u00e4here Informationen \u00fcber die Datenverarbeitung durch Google k\u00f6nnen Sie\u00a0den Google-Datenschutzhinweisen\u00a0entnehmen. Dort k\u00f6nnen Sie im Datenschutzcenter auch Ihre pers\u00f6nlichen Datenschutz-Einstellungen ver\u00e4ndern.<\/p><p>Ausf\u00fchrliche Anleitungen zur Verwaltung der eigenen Daten im Zusammenhang mit Google-Produkten\u00a0finden Sie hier.<\/p><p>\u00a0<\/p><p><strong>\u00c4nderung unserer Datenschutzbestimmungen<\/strong><br \/>Wir behalten uns vor, diese Datenschutzerkl\u00e4rung anzupassen, damit sie stets den aktuellen rechtlichen Anforderungen entspricht oder um \u00c4nderungen unserer Leistungen in der Datenschutzerkl\u00e4rung umzusetzen, z.B. bei der Einf\u00fchrung neuer Services. F\u00fcr Ihren erneuten Besuch gilt dann die neue Datenschutzerkl\u00e4rung.<\/p><p>\u00a0<\/p><p><strong>Fragen an den Datenschutzbeauftragten<\/strong><br \/>Wenn Sie Fragen zum Datenschutz haben, schreiben Sie uns bitte eine E-Mail oder wenden Sie sich direkt an die f\u00fcr den Datenschutz verantwortliche Person in unserer Organisation:<\/p><p>Fritz Vieh- und Fleischhandels GmbH\u2028<br \/>Brunnenstra\u00dfe 6-10<br \/>50259 Pulheim<\/p><p>Herr Mario Fritz<\/p><p>Telefon: +49 2234 98215-0\u2028<br \/>Telefax: +49 2234 98215-25<br \/>E-Mail:\u00a0m.fritz@fritz-fleischhandel.de\u2028<br \/>Internet:\u00a0www.fritz-fleischhandel.de\u00a0<\/p>\t\t\t\t\t\t\t\t<\/div>\n\t\t\t\t\t<\/div>\n\t\t\t\t<\/div>\n\t\t\t\t<\/div>","protected":false},"excerpt":{"rendered":"<p>Responsible meat importer \u2013 Meat. Fish. Fresh.<\/p>","protected":false},"author":1,"featured_media":0,"parent":0,"menu_order":0,"comment_status":"closed","ping_status":"closed","template":"","meta":{"_acf_changed":false,"footnotes":""},"class_list":["post-561","page","type-page","status-publish","hentry"],"acf":[],"_links":{"self":[{"href":"https:\/\/www.fritz-fleischhandel.de\/en\/wp-json\/wp\/v2\/pages\/561","targetHints":{"allow":["GET"]}}],"collection":[{"href":"https:\/\/www.fritz-fleischhandel.de\/en\/wp-json\/wp\/v2\/pages"}],"about":[{"href":"https:\/\/www.fritz-fleischhandel.de\/en\/wp-json\/wp\/v2\/types\/page"}],"author":[{"embeddable":true,"href":"https:\/\/www.fritz-fleischhandel.de\/en\/wp-json\/wp\/v2\/users\/1"}],"replies":[{"embeddable":true,"href":"https:\/\/www.fritz-fleischhandel.de\/en\/wp-json\/wp\/v2\/comments?post=561"}],"version-history":[{"count":19,"href":"https:\/\/www.fritz-fleischhandel.de\/en\/wp-json\/wp\/v2\/pages\/561\/revisions"}],"predecessor-version":[{"id":2803,"href":"https:\/\/www.fritz-fleischhandel.de\/en\/wp-json\/wp\/v2\/pages\/561\/revisions\/2803"}],"wp:attachment":[{"href":"https:\/\/www.fritz-fleischhandel.de\/en\/wp-json\/wp\/v2\/media?parent=561"}],"curies":[{"name":"wp","href":"https:\/\/api.w.org\/{rel}","templated":true}]}}