{"id":546,"date":"2025-09-09T11:32:22","date_gmt":"2025-09-09T09:32:22","guid":{"rendered":"https:\/\/fritz.dev-nf.de\/?page_id=546"},"modified":"2025-10-23T09:18:56","modified_gmt":"2025-10-23T07:18:56","slug":"impressum","status":"publish","type":"page","link":"https:\/\/www.fritz-fleischhandel.de\/en\/impressum\/","title":{"rendered":"Imprint"},"content":{"rendered":"<div data-elementor-type=\"wp-post\" data-elementor-id=\"546\" class=\"elementor elementor-546\" data-elementor-post-type=\"page\">\n\t\t\t\t<div class=\"elementor-element elementor-element-0566a67 e-con-full e-flex e-con e-parent\" data-id=\"0566a67\" data-element_type=\"container\" data-e-type=\"container\" data-settings=\"{&quot;background_background&quot;:&quot;classic&quot;}\">\n\t\t\t\t<\/div>\n\t\t<div class=\"elementor-element elementor-element-de42410 e-flex e-con-boxed e-con e-parent\" data-id=\"de42410\" data-element_type=\"container\" data-e-type=\"container\">\n\t\t\t\t\t<div class=\"e-con-inner\">\n\t\t\t\t<div class=\"elementor-element elementor-element-bb78f82 elementor-widget elementor-widget-heading\" data-id=\"bb78f82\" data-element_type=\"widget\" data-e-type=\"widget\" data-widget_type=\"heading.default\">\n\t\t\t\t\t<h1 class=\"elementor-heading-title elementor-size-default\">Imprint<\/h1>\t\t\t\t<\/div>\n\t\t\t\t\t<\/div>\n\t\t\t\t<\/div>\n\t\t<div class=\"elementor-element elementor-element-5debaa8 e-flex e-con-boxed e-con e-parent\" data-id=\"5debaa8\" data-element_type=\"container\" data-e-type=\"container\">\n\t\t\t\t\t<div class=\"e-con-inner\">\n\t\t\t\t<div class=\"elementor-element elementor-element-fdebb34 elementor-widget elementor-widget-text-editor\" data-id=\"fdebb34\" data-element_type=\"widget\" data-e-type=\"widget\" data-widget_type=\"text-editor.default\">\n\t\t\t\t\t\t\t\t\t<hr \/><p>Fritz Vieh- &amp; Fleischhandel GmbH\u2028<br \/>Brunnenstra\u00dfe 6\u201310\u2028<br \/>50259 Pulheim\u2028Deutschland\u2028<\/p><p><img decoding=\"async\" class=\"emoji\" role=\"img\" draggable=\"false\" src=\"https:\/\/s.w.org\/images\/core\/emoji\/16.0.1\/svg\/1f4de.svg\" alt=\"\ud83d\udcde\" title=\"\"> Telefon: +49 2234 98 21 50\u2028 <br \/><img decoding=\"async\" class=\"emoji\" role=\"img\" draggable=\"false\" src=\"https:\/\/s.w.org\/images\/core\/emoji\/16.0.1\/svg\/1f4e0.svg\" alt=\"\ud83d\udce0\" title=\"\"> Fax: +49 2234 98 21 525\u2028 <br \/><img decoding=\"async\" class=\"emoji\" role=\"img\" draggable=\"false\" src=\"https:\/\/s.w.org\/images\/core\/emoji\/16.0.1\/svg\/1f4ec.svg\" alt=\"\ud83d\udcec\" title=\"\"> E-Mail: info@fritz-fleischhandel.de\u2028 <br \/><img decoding=\"async\" class=\"emoji\" role=\"img\" draggable=\"false\" src=\"https:\/\/s.w.org\/images\/core\/emoji\/16.0.1\/svg\/1f310.svg\" alt=\"\ud83c\udf10\" title=\"\"> Website: www.fritz-fleischhandel.de<\/p><p>\u00a0<\/p><hr \/><p>\u00a0<\/p><p><strong>Gesch\u00e4ftsf\u00fchrer:<\/strong><br \/>Mario Fritz<\/p><p><strong>Handelsregister:<\/strong><br \/>Amtsgericht K\u00f6ln, HRB 125 124<\/p><p><strong>Umsatzsteuer-ID:<\/strong><br \/>DE 142 363 482<\/p><p>\u00a0<\/p><hr \/><p>\u00a0<\/p><p><strong>Verantwortlich f\u00fcr den Inhalt nach \u00a7 55 Abs. 2 RStV:<\/strong><br \/>Mario Fritz<br \/>(Anschrift wie oben)<\/p><p>\u00a0<\/p><hr \/><p>\u00a0<\/p><p><strong>Haftung f\u00fcr Inhalte<\/strong><br \/>Inhalte dieser Website Die Inhalte dieser Website werden mit gr\u00f6\u00dftm\u00f6glicher Sorgfalt erstellt. Der Anbieter \u00fcbernimmt jedoch keine Gew\u00e4hr f\u00fcr die Richtigkeit, Vollst\u00e4ndigkeit und Aktualit\u00e4t der bereitgestellten Inhalte. Die Nutzung der abrufbaren Inhalte erfolgt auf eigene Gefahr des Nutzers. Namentlich gekennzeichnete Beitr\u00e4ge geben die Meinung des jeweiligen Autors und nicht immer die Meinung des Anbieters wieder. Verf\u00fcgbarkeit der Website Der Anbieter wird sich bem\u00fchen, den Dienst m\u00f6glichst unterbrechungsfrei zum Abruf anzubieten. Auch bei aller Sorgfalt k\u00f6nnen aber Ausfallzeiten nicht ausgeschlossen werden. Der Anbieter beh\u00e4lt sich das Recht vor,sein Angebot jederzeit zu \u00e4ndern oder einzustellen. Externe Links Diese Website enth\u00e4lt Verkn\u00fcpfungen zu Websites Dritter (\u201cexterne Links\u201d). Diese Websites unterliegen der Haftung der jeweiligen Betreiber. Der Anbieter hat bei der erstmaligen Verkn\u00fcpfung der externen Links die fremden Inhalte daraufhin \u00fcberpr\u00fcft, ob etwaige Rechtsverst\u00f6\u00dfe bestehen. Zu dem Zeitpunkt waren keine Rechtsverst\u00f6\u00dfe ersichtlich. Der Anbieter hat keinerlei Einfluss auf die aktuelle und zuk\u00fcnftige Gestaltung und auf die Inhalte der verkn\u00fcpften Seiten. Das Setzen von externen Links bedeutet nicht, dass sich der Anbieter die hinter dem Verweis oder Link liegenden Inhalte zu Eigen macht. Eine st\u00e4ndige Kontrolle dieser externen Links ist f\u00fcr den Anbieter ohne konkrete Hinweise auf Rechtsverst\u00f6\u00dfe nicht zumutbar. Bei Kenntnis von Rechtsverst\u00f6\u00dfen werden jedoch derartige externe Links unverz\u00fcglich gel\u00f6scht. Werbeanzeigen F\u00fcr den Inhalt der Werbeanzeigen ist der jeweilige Autor verantwortlich, ebenso wie f\u00fcr den Inhalt der beworbenen Website. Die Darstellung der Werbeanzeige stellt keine Akzeptanz durch den Anbieter dar. Kein Vertragsverh\u00e4ltnis Mit der Nutzung der Website des Anbieters kommt keinerlei Vertragsverh\u00e4ltnis zwischen dem Nutzer und dem Anbieter zustande. Insofern ergeben sich auch keinerlei vertragliche oder quasivertragliche Anspr\u00fcche gegen den Anbieter. F\u00fcr den Fall, dass die Nutzung der Website doch zu einem Vertragsverh\u00e4ltnis f\u00fchren sollte, gilt rein vorsorglich nachfolgende Haftungsbeschr\u00e4nkung: Der Anbieter haftet f\u00fcr Vorsatz und grobe Fahrl\u00e4ssigkeit sowie bei Verletzung einer wesentlichen Vertragspflicht (Kardinalpflicht). Der Anbieter haftet unter Begrenzung auf Ersatz des bei Vertragsschluss vorhersehbaren vertragstypischen Schadens f\u00fcr solche Sch\u00e4den, die auf einer leicht fahrl\u00e4ssigen Verletzung von Kardinalpflichten durch ihn oder eines seiner gesetzlichen Vertreter oder Erf\u00fcllungsgehilfen beruhen. Bei leicht fahrl\u00e4ssiger Verletzung von Nebenpflichten, die keine Kardinalpflichten sind, haftet der Anbieter nicht. Die Haftung f\u00fcr Sch\u00e4den, die in den Schutzbereich einer vom Anbieter gegebenen Garantie oder Zusicherung fallen sowie die Haftung f\u00fcr Anspr\u00fcche aufgrund des Produkthaftungsgesetzes und Sch\u00e4den aus der Verletzung des Lebens, des K\u00f6rpers oder der Gesundheit bleibt hiervon unber\u00fchrt.<\/p><p>\u00a0<\/p><hr \/><p>\u00a0<\/p><p><strong>Urheberrecht<\/strong><br \/>Die auf dieser Website ver\u00f6ffentlichten Inhalte und Werke sind urheberrechtlich gesch\u00fctzt. Jede vom deutschen Urheberrecht nicht zugelassene Verwertung bedarf der vorherigen schriftlichen Zustimmung des jeweiligen Autors oder Urhebers. Dies gilt insbesondere f\u00fcr Vervielf\u00e4ltigung, Bearbeitung, \u00dcbersetzung, Einspeicherung, Verarbeitung bzw. Wiedergabe von Inhalten in Datenbanken oder anderen elektronischen Medien und Systemen. Inhalte und Beitr\u00e4ge Dritter sind dabei als solche gekennzeichnet. Die unerlaubte Vervielf\u00e4ltigung oder Weitergabe einzelner Inhalte oder kompletter Seiten ist nicht gestattet und strafbar. Lediglich die Herstellung von Kopien und Downloads f\u00fcr den pers\u00f6nlichen, privaten und nicht kommerziellen Gebrauch ist erlaubt. Links zur Website des Anbieters sind jederzeit willkommen und bed\u00fcrfen keinerZustimmung durch den Anbieter der Website. Die Darstellung dieser Website in fremden Frames ist nur mit Erlaubnis zul\u00e4ssig.<\/p><p>\u00a0<\/p><hr \/><p>\u00a0<\/p><p><strong>Data privacy<\/strong><br \/>Diese Website benutzt Google Analytics, einen Webanalysedienst der Google Inc. (\u201cGoogle\u201d). Google Analytics verwendet sog. \u201cCookies\u201d, Textdateien, die auf Ihrem Computer gespeichert werden und die eine Analyse der Benutzung der Website durch Sie erm\u00f6glichen. Die durch den Cookie erzeugten Informationen \u00fcber Ihre Benutzung dieser Website werden in der Regel an einen Server von Google in den USA \u00fcbertragen und dort gespeichert. Im Falle der Aktivierung der IP-Anonymisierung auf dieser Webseite, wird Ihre IP-Adresse von Google jedoch innerhalb von Mitgliedstaaten der Europ\u00e4ischen Union oder in anderen Vertragsstaaten des Abkommens \u00fcber den Europ\u00e4ischen Wirtschaftsraum zuvor gek\u00fcrzt. Nur in Ausnahmef\u00e4llen wird die volle IP-Adresse an einen Server von Google in den USA \u00fcbertragen und dort gek\u00fcrzt. Im Auftrag des Betreibers dieser Website wird Google diese Informationen benutzen, um Ihre Nutzung der Website auszuwerten, um Reports \u00fcber die Websiteaktivit\u00e4ten zusammenzustellen und um weitere mit der Websitenutzung und der Internetnutzung verbundene Dienstleistungen gegen\u00fcber dem Websitebetreiber zu erbringen. Die im Rahmen von Google Analytics von Ihrem Browser \u00fcbermittelte IP-Adresse wird nicht mit anderen Daten von Google zusammengef\u00fchrt.\u2028Sie k\u00f6nnen die Speicherung der Cookies durch eine entsprechende Einstellung Ihrer Browser-Software verhindern; wir weisen Sie jedoch darauf hin, dass Sie in diesem Fall gegebenenfalls nicht s\u00e4mtliche Funktionen dieser Website vollumf\u00e4nglich werden nutzen k\u00f6nnen. Sie k\u00f6nnen dar\u00fcber hinaus die Erfassung der durch das Cookie erzeugten und auf Ihre Nutzung der Website bezogenen Daten (inkl. Ihrer IP-Adresse) an Google sowie die Verarbeitung dieser Daten durch Google verhindern, indem sie das unter dem folgenden Link verf\u00fcgbare Browser-Plugin herunterladen und installieren Der aktuelle Link ist\u00a0tools.google.com\/dlpage\/gaoptout.<\/p><p>\u00a0<\/p><hr \/><p>\u00a0<\/p><p><strong>Hinweis zu Social Plugins<\/strong><\/p><p>Diese Website verwendet Social Plugins der sozialen Netzwerke Facebook (www.facebook.com) und Google (www.google.com). Betreiber sind Facebook Inc., 1601 S. California Ave, Palo Alto, CA 94304, USA sowie Google Inc., 1600 Amphitheatre Parkway, Mountain View, CA 94043, USA.\u2028Der Button von Google ist mit dem Zusatz \/ Logo \u201c+1\u2033 gekennzeichnet. Den Button von Facebook auf unserer Website erkennt man an dem wei\u00dfen \u201cf\u201d auf blauer Kachel oder an dem \u201cDaumen hoch\u201d-Zeichen.<br \/>Wer eine Webseite mit einem sozialen Plug-In aufruft, erm\u00f6glicht es den sozialen Netzwerken wie Facebook oder Google, verschiedene Daten zu erheben. Dazu geh\u00f6ren u.a. das Datum und die Uhrzeit des Besuchs auf der betreffenden Webseite, die Internetadresse oder URL, auf der sich der Besucher befindet sowie technische Daten \u00fcber die IP-Adresse, den verwendeten Browser und das verwendete Betriebssystem des Besuchers zudem die Nutzerkennnummer, wenn der Besucher auf Facebook oder Google eingeloggt ist. In diesem Fall kann Facebook den Besuch Ihrem Facebook-Konto oder Gooegle-Konto zuordnen.<br \/>Informationen zur Datenerhebung und Nutzung entnehmen Sie bitte den Datenverwendungsrichtlinien von Facebook (www.facebook.com\/help\/?faq=17512 und www.facebook.com\/about\/privacy\/) und Datenschutzrichtlinien von Google (www.google.com\/intl\/en\/+\/policy\/+1button.html).<\/p><p>\u00a0<\/p><hr \/><p>\u00a0<\/p><p><strong>Anwendbares Recht<\/strong><\/p><p>Es gilt ausschlie\u00dflich das ma\u00dfgebliche Recht der Bundesrepublik Deutschland.<\/p><p>\u00a0<\/p><hr \/><p>\u00a0<\/p><p><strong>Besondere Nutzungsbedingungen<\/strong><\/p><p>Soweit besondere Bedingungen f\u00fcr einzelne Nutzungen dieser Website von dem Punkten \u201cHaftungsbeschr\u00e4nkung\u201d bis \u201cHinweis zu Social Plugins\u201d abweichen, wird an entsprechender Stelle ausdr\u00fccklich darauf hingewiesen. In diesem Falle gelten im jeweiligen Einzelfall die besonderen Nutzungsbedingungen.<\/p><p>\u00a0<\/p><hr \/><p>\u00a0<\/p><p><strong>Klingt trocken \u2013 muss aber sein.<\/strong><\/p><p>Und jetzt wieder zur\u00fcck zu den wirklich leckeren Dingen im Leben: <a href=\"https:\/\/www.fritz-fleischhandel.de\/en\/\">Zum Sortiment \u2192<\/a><\/p>\t\t\t\t\t\t\t\t<\/div>\n\t\t\t\t\t<\/div>\n\t\t\t\t<\/div>\n\t\t\t\t<\/div>","protected":false},"excerpt":{"rendered":"<p>Responsible meat importer \u2013 Meat. Fish. Fresh.<\/p>","protected":false},"author":1,"featured_media":0,"parent":0,"menu_order":0,"comment_status":"closed","ping_status":"closed","template":"","meta":{"_acf_changed":false,"footnotes":""},"class_list":["post-546","page","type-page","status-publish","hentry"],"acf":[],"_links":{"self":[{"href":"https:\/\/www.fritz-fleischhandel.de\/en\/wp-json\/wp\/v2\/pages\/546","targetHints":{"allow":["GET"]}}],"collection":[{"href":"https:\/\/www.fritz-fleischhandel.de\/en\/wp-json\/wp\/v2\/pages"}],"about":[{"href":"https:\/\/www.fritz-fleischhandel.de\/en\/wp-json\/wp\/v2\/types\/page"}],"author":[{"embeddable":true,"href":"https:\/\/www.fritz-fleischhandel.de\/en\/wp-json\/wp\/v2\/users\/1"}],"replies":[{"embeddable":true,"href":"https:\/\/www.fritz-fleischhandel.de\/en\/wp-json\/wp\/v2\/comments?post=546"}],"version-history":[{"count":34,"href":"https:\/\/www.fritz-fleischhandel.de\/en\/wp-json\/wp\/v2\/pages\/546\/revisions"}],"predecessor-version":[{"id":2800,"href":"https:\/\/www.fritz-fleischhandel.de\/en\/wp-json\/wp\/v2\/pages\/546\/revisions\/2800"}],"wp:attachment":[{"href":"https:\/\/www.fritz-fleischhandel.de\/en\/wp-json\/wp\/v2\/media?parent=546"}],"curies":[{"name":"wp","href":"https:\/\/api.w.org\/{rel}","templated":true}]}}